{"id":2541,"date":"2026-03-11T23:05:37","date_gmt":"2026-03-11T22:05:37","guid":{"rendered":"https:\/\/slovanskyvybor.sk\/?page_id=2541"},"modified":"2026-03-11T23:14:39","modified_gmt":"2026-03-11T22:14:39","slug":"podporte-nas-2","status":"publish","type":"page","link":"https:\/\/slovanskyvybor.sk\/en\/podporte-nas-2\/","title":{"rendered":"PODPORTE N\u00c1S"},"content":{"rendered":"<p>Va\u0161a podpora je pre n\u00e1s k\u013e\u00fa\u010dov\u00e1. M\u00f4\u017eete n\u00e1s podpori\u0165 t\u00fdm, \u017ee n\u00e1m pouk\u00e1\u017eete 2% z dane. V\u00e1s to ni\u010d nestoj\u00ed a n\u00e1m to ve\u013emi pom\u00f4\u017ee pokra\u010dova\u0165 v na\u0161ej \u010dinnosti. Ide o jednoduch\u00fd, ale d\u00f4le\u017eit\u00fd sp\u00f4sob, ak\u00fdm m\u00f4\u017eete podpori\u0165 na\u0161e \u00fasilie v rozv\u00edjan\u00ed a propagovan\u00ed my\u0161lienky slovanskej jednoty v novom multipol\u00e1rnom svete.<br><br><\/p>\n\n\n\n<p>V pr\u00edpade, \u017ee ste zamestnan\u00fd, doru\u010dte do 30. 4. 2026 na da\u0148ov\u00fd \u00farad pod\u013ea miesta v\u00e1\u0161ho bydliska potvrdenie o zaplaten\u00ed dane, ktor\u00e9 dostanete od svojho zamestn\u00e1vate\u013ea, spolu s predvyplnen\u00fdm formul\u00e1rom, ktor\u00fd n\u00e1jdete <strong><a href=\"https:\/\/www.dvepercenta.sk\/pdf\/vyhlasenie.php?ico=56006268\"><mark style=\"background-color:rgba(0, 0, 0, 0);color:#0693e3\" class=\"has-inline-color\">tu<\/mark><\/a><\/strong>.<\/p>\n\n\n\n<p><\/p>\n\n\n\n<p><br>V pr\u00edpade, \u017ee si da\u0148ov\u00e9 priznanie pod\u00e1vate sami, vypl\u0148te aj kol\u00f3nky na pouk\u00e1zanie 2 % z dane z pr\u00edjmu a da\u0148ov\u00e9 priznanie doru\u010dte v lehote, ktor\u00fa m\u00e1te na podanie da\u0148ov\u00e9ho priznania, na da\u0148ov\u00fd \u00farad pod\u013ea miesta V\u00e1\u0161ho bydliska.<\/p>\n\n\n\n<p><br><strong>\u00dadaje o Slovanskom v\u00fdbore:<\/strong><br><strong>Adresa:<\/strong>\u00a0Romanova 1655\/5, 85102 Bratislava-mestsk\u00e1 \u010das\u0165 Petr\u017ealka<\/p>\n\n\n\n<p><strong>I\u010cO:<\/strong>&nbsp;56006268<\/p>\n\n\n\n<p><strong>Pr\u00e1vna forma:<\/strong>&nbsp;Ob\u010dianske zdru\u017eenie<\/p>\n\n\n\n<p><strong>IBAN \u010d\u00edslo \u00fa\u010dtu:<\/strong>&nbsp;SK0911000000002948182258 \/ k\u00f3d banky: 1100 (Tatra banka, a.s.)<\/p>\n\n\n\n<p><\/p>","protected":false},"excerpt":{"rendered":"<p>Va\u0161a podpora je pre n\u00e1s k\u013e\u00fa\u010dov\u00e1. M\u00f4\u017eete n\u00e1s podpori\u0165 t\u00fdm, \u017ee n\u00e1m pouk\u00e1\u017eete 2% z dane. V\u00e1s to ni\u010d nestoj\u00ed a n\u00e1m to ve\u013emi pom\u00f4\u017ee pokra\u010dova\u0165 v na\u0161ej \u010dinnosti. Ide o jednoduch\u00fd, ale d\u00f4le\u017eit\u00fd sp\u00f4sob, ak\u00fdm m\u00f4\u017eete podpori\u0165 na\u0161e \u00fasilie v rozv\u00edjan\u00ed a propagovan\u00ed my\u0161lienky slovanskej jednoty v novom multipol\u00e1rnom svete. V pr\u00edpade, \u017ee ste [&hellip;]<\/p>","protected":false},"author":1,"featured_media":2542,"parent":0,"menu_order":0,"comment_status":"closed","ping_status":"closed","template":"","meta":{"site-sidebar-layout":"default","site-content-layout":"","ast-site-content-layout":"default","site-content-style":"default","site-sidebar-style":"default","ast-global-header-display":"","ast-banner-title-visibility":"","ast-main-header-display":"","ast-hfb-above-header-display":"","ast-hfb-below-header-display":"","ast-hfb-mobile-header-display":"","site-post-title":"","ast-breadcrumbs-content":"","ast-featured-img":"","footer-sml-layout":"","theme-transparent-header-meta":"","adv-header-id-meta":"","stick-header-meta":"","header-above-stick-meta":"","header-main-stick-meta":"","header-below-stick-meta":"","astra-migrate-meta-layouts":"set","ast-page-background-enabled":"default","ast-page-background-meta":{"desktop":{"background-color":"var(--ast-global-color-4)","background-image":"","background-repeat":"repeat","background-position":"center center","background-size":"auto","background-attachment":"scroll","background-type":"","background-media":"","overlay-type":"","overlay-color":"","overlay-gradient":""},"tablet":{"background-color":"","background-image":"","background-repeat":"repeat","background-position":"center center","background-size":"auto","background-attachment":"scroll","background-type":"","background-media":"","overlay-type":"","overlay-color":"","overlay-gradient":""},"mobile":{"background-color":"","background-image":"","background-repeat":"repeat","background-position":"center center","background-size":"auto","background-attachment":"scroll","background-type":"","background-media":"","overlay-type":"","overlay-color":"","overlay-gradient":""}},"ast-content-background-meta":{"desktop":{"background-color":"var(--ast-global-color-5)","background-image":"","background-repeat":"repeat","background-position":"center center","background-size":"auto","background-attachment":"scroll","background-type":"","background-media":"","overlay-type":"","overlay-color":"","overlay-gradient":""},"tablet":{"background-color":"var(--ast-global-color-5)","background-image":"","background-repeat":"repeat","background-position":"center center","background-size":"auto","background-attachment":"scroll","background-type":"","background-media":"","overlay-type":"","overlay-color":"","overlay-gradient":""},"mobile":{"background-color":"var(--ast-global-color-5)","background-image":"","background-repeat":"repeat","background-position":"center center","background-size":"auto","background-attachment":"scroll","background-type":"","background-media":"","overlay-type":"","overlay-color":"","overlay-gradient":""}},"footnotes":""},"class_list":["post-2541","page","type-page","status-publish","has-post-thumbnail","hentry"],"_links":{"self":[{"href":"https:\/\/slovanskyvybor.sk\/en\/wp-json\/wp\/v2\/pages\/2541","targetHints":{"allow":["GET"]}}],"collection":[{"href":"https:\/\/slovanskyvybor.sk\/en\/wp-json\/wp\/v2\/pages"}],"about":[{"href":"https:\/\/slovanskyvybor.sk\/en\/wp-json\/wp\/v2\/types\/page"}],"author":[{"embeddable":true,"href":"https:\/\/slovanskyvybor.sk\/en\/wp-json\/wp\/v2\/users\/1"}],"replies":[{"embeddable":true,"href":"https:\/\/slovanskyvybor.sk\/en\/wp-json\/wp\/v2\/comments?post=2541"}],"version-history":[{"count":5,"href":"https:\/\/slovanskyvybor.sk\/en\/wp-json\/wp\/v2\/pages\/2541\/revisions"}],"predecessor-version":[{"id":2548,"href":"https:\/\/slovanskyvybor.sk\/en\/wp-json\/wp\/v2\/pages\/2541\/revisions\/2548"}],"wp:featuredmedia":[{"embeddable":true,"href":"https:\/\/slovanskyvybor.sk\/en\/wp-json\/wp\/v2\/media\/2542"}],"wp:attachment":[{"href":"https:\/\/slovanskyvybor.sk\/en\/wp-json\/wp\/v2\/media?parent=2541"}],"curies":[{"name":"wp","href":"https:\/\/api.w.org\/{rel}","templated":true}]}}