{"id":2168,"date":"2024-04-11T23:16:35","date_gmt":"2024-04-11T21:16:35","guid":{"rendered":"https:\/\/slovanskyvybor.sk\/?page_id=2168"},"modified":"2024-04-11T23:20:52","modified_gmt":"2024-04-11T21:20:52","slug":"vyhlasenie-o-ochrane-osobnych-udajov","status":"publish","type":"page","link":"https:\/\/slovanskyvybor.sk\/en\/vyhlasenie-o-ochrane-osobnych-udajov\/","title":{"rendered":"Vyhl\u00e1senie o ochrane osobn\u00fdch \u00fadajov"},"content":{"rendered":"<p>V tomto vyhl\u00e1sen\u00ed o ochrane osobn\u00fdch \u00fadajov vysvet\u013eujeme, \u010do rob\u00edme s \u00fadajmi, ktor\u00e9 o v\u00e1s z\u00edskame prostredn\u00edctvom&nbsp;<a href=\"https:\/\/www.srspol.sk\/\">https:\/\/www.slovanskyvybor.sk<\/a>. Odpor\u00fa\u010dame v\u00e1m, aby ste si toto vyhl\u00e1senie pozorne pre\u010d\u00edtali. Pri spracovan\u00ed dodr\u017eiavame po\u017eiadavky pr\u00e1vnych predpisov o ochrane osobn\u00fdch \u00fadajov. To okrem in\u00e9ho znamen\u00e1, \u017ee:<\/p>\n\n\n\n<ul class=\"wp-block-list\">\n<li>jasne uv\u00e1dzame \u00fa\u010dely, na ktor\u00e9 sprac\u00favame osobn\u00e9 \u00fadaje. Rob\u00edme to prostredn\u00edctvom tohto vyhl\u00e1senia o ochrane osobn\u00fdch \u00fadajov;<\/li>\n\n\n\n<li>na\u0161\u00edm cie\u013eom je obmedzi\u0165 n\u00e1\u0161 zber osobn\u00fdch \u00fadajov iba na tie osobn\u00e9 \u00fadaje, ktor\u00e9 s\u00fa nevyhnutn\u00e9 na legit\u00edmne \u00fa\u010dely;<\/li>\n\n\n\n<li>najsk\u00f4r po\u017eadujeme v\u00e1\u0161 v\u00fdslovn\u00fd s\u00fahlas so spracovan\u00edm va\u0161ich osobn\u00fdch \u00fadajov v pr\u00edpadoch, ktor\u00e9 vy\u017eaduj\u00fa v\u00e1\u0161 s\u00fahlas;<\/li>\n\n\n\n<li>prij\u00edmame primeran\u00e9 bezpe\u010dnostn\u00e9 opatrenia na ochranu va\u0161ich osobn\u00fdch \u00fadajov a po\u017eadujeme to aj od str\u00e1n, ktor\u00e9 sprac\u00favaj\u00fa osobn\u00e9 \u00fadaje v na\u0161om mene;<\/li>\n\n\n\n<li>re\u0161pektujeme va\u0161e pr\u00e1vo na pr\u00edstup k va\u0161im osobn\u00fdm \u00fadajom alebo na ich opravu alebo vymazanie na va\u0161u \u017eiados\u0165.<\/li>\n<\/ul>\n\n\n\n<p>Ak m\u00e1te ot\u00e1zky alebo chcete presne vedie\u0165, ak\u00e9 \u00fadaje o v\u00e1s uchov\u00e1vame, kontaktujte n\u00e1s.<br><br><\/p>\n\n\n\n<h4 class=\"wp-block-heading\">1. \u00da\u010del, \u00fadaje a doba uchov\u00e1vania<\/h4>\n\n\n\n<p>Osobn\u00e9 \u00fadaje m\u00f4\u017eeme zhroma\u017e\u010fova\u0165 alebo prij\u00edma\u0165 na mno\u017estvo \u00fa\u010delov spojen\u00fdch s na\u0161imi obchodn\u00fdmi oper\u00e1ciami, ktor\u00e9 m\u00f4\u017eu zah\u0155\u0148a\u0165 nasleduj\u00face: <br><br><\/p>\n\n\n\n<h5 class=\"wp-block-heading\">1.1 Kontakt &#8211; prostredn\u00edctvom telef\u00f3nu, po\u0161ty, e -mailu a\/alebo webov\u00fdch formul\u00e1rov<\/h5>\n\n\n\n<p><strong>Na tento \u00fa\u010del pou\u017e\u00edvame nasleduj\u00face \u00fadaje:<\/strong><\/p>\n\n\n\n<ul class=\"wp-block-list\">\n<li>Meno a priezvisko<\/li>\n\n\n\n<li>Domovsk\u00fa alebo in\u00fa fyzick\u00fa adresu vr\u00e1tane n\u00e1zvu ulice a n\u00e1zvu mesta alebo obce<\/li>\n\n\n\n<li>E -mailov\u00e1 adresa<\/li>\n\n\n\n<li>Telef\u00f3nne \u010d\u00edslo<br><\/li>\n<\/ul>\n\n\n\n<p><strong>Z\u00e1klad, na z\u00e1klade ktor\u00e9ho m\u00f4\u017eeme tieto \u00fadaje sprac\u00fava\u0165, je:<\/strong><\/p>\n\n\n\n<p><a href=\"https:\/\/cookiedatabase.org\/legal-bases\/#agreement\" target=\"_blank\" rel=\"noreferrer noopener\">Je to nevyhnutn\u00e9 na plnenie zmluvy alebo predbe\u017en\u00e9 postupy s\u00favisiace so zmluvou, ktorej zmluvnou stranou je dotknut\u00e1 osoba.<\/a><br><\/p>\n\n\n\n<p><strong>Reten\u010dn\u00e9 obdobie<\/strong><\/p>\n\n\n\n<p>Tieto \u00fadaje uchov\u00e1vame, k\u00fdm sa slu\u017eba neukon\u010d\u00ed.<br><br><\/p>\n\n\n\n<h5 class=\"wp-block-heading\">1.2 By\u0165 schopn\u00fd dodr\u017eiava\u0165 z\u00e1konn\u00e9 povinnosti<\/h5>\n\n\n\n<p><strong>Na tento \u00fa\u010del pou\u017e\u00edvame nasleduj\u00face \u00fadaje:<\/strong><\/p>\n\n\n\n<ul class=\"wp-block-list\">\n<li>Meno a priezvisko<\/li>\n\n\n\n<li>Domovsk\u00fa alebo in\u00fa fyzick\u00fa adresu vr\u00e1tane n\u00e1zvu ulice a n\u00e1zvu mesta alebo obce<\/li>\n\n\n\n<li>E -mailov\u00e1 adresa<\/li>\n\n\n\n<li>Telef\u00f3nne \u010d\u00edslo<br><\/li>\n<\/ul>\n\n\n\n<p><strong>Z\u00e1klad, na z\u00e1klade ktor\u00e9ho m\u00f4\u017eeme tieto \u00fadaje sprac\u00fava\u0165, je:<\/strong><\/p>\n\n\n\n<p><a href=\"https:\/\/cookiedatabase.org\/legal-bases\/#agreement\" target=\"_blank\" rel=\"noreferrer noopener\">Je to nevyhnutn\u00e9 na plnenie zmluvy alebo predbe\u017en\u00e9 postupy s\u00favisiace so zmluvou, ktorej zmluvnou stranou je dotknut\u00e1 osoba.<\/a><br><\/p>\n\n\n\n<p><strong>Reten\u010dn\u00e9 obdobie<\/strong><\/p>\n\n\n\n<p>Tieto \u00fadaje uchov\u00e1vame, k\u00fdm sa slu\u017eba neukon\u010d\u00ed.<br><br><\/p>\n\n\n\n<h5 class=\"wp-block-heading\">1.3 Zostavovanie a anal\u00fdza \u0161tatist\u00edk na zlep\u0161enie webov\u00fdch str\u00e1nok.<\/h5>\n\n\n\n<p><strong>Na tento \u00fa\u010del pou\u017e\u00edvame nasleduj\u00face \u00fadaje:<\/strong><\/p>\n\n\n\n<ul class=\"wp-block-list\">\n<li>IP adresa<\/li>\n\n\n\n<li>Inform\u00e1cie o internetovej aktivite vr\u00e1tane, ale nie v\u00fdlu\u010dne, hist\u00f3rie prehliadania, hist\u00f3rie vyh\u013ead\u00e1vania a inform\u00e1ci\u00ed t\u00fdkaj\u00facich sa interakcie spotrebite\u013ea s internetov\u00fdm webom, aplik\u00e1ciou alebo reklamou<\/li>\n\n\n\n<li>Geoloka\u010dn\u00e9 \u00fadaje<br><\/li>\n<\/ul>\n\n\n\n<p><strong>Z\u00e1klad, na z\u00e1klade ktor\u00e9ho m\u00f4\u017eeme tieto \u00fadaje sprac\u00fava\u0165, je:<\/strong><\/p>\n\n\n\n<p><a href=\"https:\/\/cookiedatabase.org\/legal-bases\/#legitimate\" target=\"_blank\" rel=\"noreferrer noopener\">Je to nevyhnutn\u00e9 na \u00fa\u010dely opr\u00e1vnen\u00fdch z\u00e1ujmov, ktor\u00e9 sleduje prev\u00e1dzkovate\u013e alebo tretia strana, a tento z\u00e1ujem preva\u017euje nad z\u00e1ujmom dotknutej osoby.<\/a><br><\/p>\n\n\n\n<p><strong>Reten\u010dn\u00e9 obdobie<\/strong><\/p>\n\n\n\n<p>Tieto \u00fadaje uchov\u00e1vame, k\u00fdm sa slu\u017eba neukon\u010d\u00ed.<br><br><\/p>\n\n\n\n<h4 class=\"wp-block-heading\">2. Zdie\u013eanie s in\u00fdmi stranami<\/h4>\n\n\n\n<p><strong>Tieto \u00fadaje zdie\u013eame alebo zverej\u0148ujeme iba spracovate\u013eom na nasleduj\u00face \u00fa\u010dely:<br><\/strong><br><\/p>\n\n\n\n<h4 class=\"wp-block-heading\">3. Cookies<\/h4>\n\n\n\n<p>N\u00e1\u0161 web pou\u017e\u00edva cookies. \u010eal\u0161ie inform\u00e1cie o s\u00faboroch cookie n\u00e1jdete v na\u0161ich z\u00e1sad\u00e1ch&nbsp;<a href=\"https:\/\/www.srspol.sk\/zasady-pouzivania-suborov-cookie-eu\/\">Cookie&nbsp;<\/a>.&nbsp;<br><br><\/p>\n\n\n\n<h4 class=\"wp-block-heading\">4. Postupy zverej\u0148ovania<\/h4>\n\n\n\n<p>Osobn\u00e9 \u00fadaje zverej\u0148ujeme, ak n\u00e1s z\u00e1kon alebo s\u00fadny pr\u00edkaz vy\u017eaduje v reakcii na org\u00e1n \u010dinn\u00fd v trestnom konan\u00ed v rozsahu povolenom in\u00fdmiustanoveniami z\u00e1kona, poskytn\u00fa\u0165 inform\u00e1cie alebo na \u00fa\u010dely vy\u0161etrovania z\u00e1le\u017eitosti s\u00favisiacej s verejnou bezpe\u010dnos\u0165ou.<br><\/p>\n\n\n\n<p>Ak sa na\u0161a webov\u00e1 str\u00e1nka alebo organiz\u00e1cia prevezme, pred\u00e1 alebo sa podie\u013ea na f\u00fazii alebo akviz\u00edcii, va\u0161e \u00fadaje m\u00f4\u017eu by\u0165 zverejnen\u00e9 na\u0161im poradcom a pr\u00edpadn\u00fdm kupuj\u00facim a bud\u00fa odovzdan\u00e9 nov\u00fdm vlastn\u00edkom.<br><br><\/p>\n\n\n\n<h4 class=\"wp-block-heading\">5. Zabezpe\u010denie<\/h4>\n\n\n\n<p>Zaviazali sme sa k bezpe\u010dnosti osobn\u00fdch \u00fadajov. Prij\u00edmame primeran\u00e9 bezpe\u010dnostn\u00e9 opatrenia, aby sme obmedzili zneu\u017e\u00edvanie a neopr\u00e1vnen\u00fd pr\u00edstup k osobn\u00fdm \u00fadajom. To zais\u0165uje, \u017ee k va\u0161im \u00fadajom maj\u00fa pr\u00edstup iba nevyhnutn\u00e9 osoby, \u017ee pr\u00edstup k \u00fadajom je chr\u00e1nen\u00fd a na\u0161e bezpe\u010dnostn\u00e9 opatrenia s\u00fa pravidelne kontrolovan\u00e9.<br><br><\/p>\n\n\n\n<h4 class=\"wp-block-heading\">6. Webov\u00e9 str\u00e1nky tret\u00edch str\u00e1n<\/h4>\n\n\n\n<p>Toto vyhl\u00e1senie o ochrane osobn\u00fdch \u00fadajov sa nevz\u0165ahuje na webov\u00e9 str\u00e1nky tret\u00edch str\u00e1n prepojen\u00e9 odkazmi na na\u0161ich webov\u00fdch str\u00e1nkach. Nem\u00f4\u017eeme zaru\u010di\u0165, \u017ee tieto tretie strany bud\u00fa s va\u0161imi osobn\u00fdmi \u00fadajmi zaobch\u00e1dza\u0165 spo\u013eahlivo alebo bezpe\u010dne. Pred pou\u017eit\u00edm t\u00fdchto webov\u00fdch str\u00e1nok v\u00e1m odpor\u00fa\u010dame pre\u010d\u00edta\u0165 si vyhl\u00e1senia o ochrane osobn\u00fdch \u00fadajov t\u00fdchto webov\u00fdch str\u00e1nok.<br><br><\/p>\n\n\n\n<h4 class=\"wp-block-heading\">7. Dodatky k tomuto vyhl\u00e1seniu o ochrane osobn\u00fdch \u00fadajov<\/h4>\n\n\n\n<p>Vyhradzujeme si pr\u00e1vo vykona\u0165 zmeny tohto vyhl\u00e1senia o ochrane osobn\u00fdch \u00fadajov. Odpor\u00fa\u010dame v\u00e1m pravidelne si pre\u0161tudova\u0165 toto vyhl\u00e1senie o ochrane osobn\u00fdch \u00fadajov, aby ste boli informovan\u00ed o ak\u00fdchko\u013evek zmen\u00e1ch. Okrem toho v\u00e1s budeme akt\u00edvne informova\u0165, kdeko\u013evek to bude mo\u017en\u00e9.<br><br><\/p>\n\n\n\n<h4 class=\"wp-block-heading\">8. Pr\u00edstup k va\u0161im \u00fadajom a ich \u00faprava<\/h4>\n\n\n\n<p>Ak m\u00e1te ot\u00e1zky alebo chcete vedie\u0165, ak\u00e9 osobn\u00e9 \u00fadaje o v\u00e1s m\u00e1me, kontaktujte n\u00e1s. M\u00f4\u017eete n\u00e1s kontaktova\u0165 pomocou ni\u017e\u0161ie uveden\u00fdch inform\u00e1ci\u00ed. M\u00e1te nasleduj\u00face pr\u00e1va:<\/p>\n\n\n\n<ul class=\"wp-block-list\">\n<li>M\u00e1te pr\u00e1vo vedie\u0165, pre\u010do s\u00fa va\u0161e osobn\u00e9 \u00fadaje potrebn\u00e9, \u010do sa s nimi stane a ako dlho bud\u00fa uchov\u00e1van\u00e9.<\/li>\n\n\n\n<li>Pr\u00e1vo na pr\u00edstup: M\u00e1te pr\u00e1vo na pr\u00edstup k svojim osobn\u00fdm \u00fadajom, ktor\u00e9 s\u00fa n\u00e1m zn\u00e1me.<\/li>\n\n\n\n<li>Pr\u00e1vo na opravu: m\u00e1te pr\u00e1vo kedyko\u013evek doplni\u0165, opravi\u0165, vymaza\u0165 alebo zablokova\u0165 va\u0161e osobn\u00e9 \u00fadaje.<\/li>\n\n\n\n<li>Ak n\u00e1m udel\u00edte s\u00fahlas so spracovan\u00edm va\u0161ich \u00fadajov, m\u00e1te pr\u00e1vo tento s\u00fahlas odvola\u0165 a vymaza\u0165 va\u0161e osobn\u00e9 \u00fadaje.<\/li>\n\n\n\n<li>Pr\u00e1vo na prenos va\u0161ich \u00fadajov: m\u00e1te pr\u00e1vo po\u017eadova\u0165 od spr\u00e1vcu v\u0161etky svoje osobn\u00e9 \u00fadaje a prenies\u0165 ich v celom rozsahu k \u010fal\u0161iemu prev\u00e1dzkovate\u013eovi.<\/li>\n\n\n\n<li>Pr\u00e1vo namieta\u0165: m\u00f4\u017eete vznies\u0165 n\u00e1mietku proti spracovaniu va\u0161ich \u00fadajov. Dodr\u017eiavame to, pokia\u013e neexistuj\u00fa od\u00f4vodnen\u00e9 d\u00f4vody na spracovanie.<\/li>\n<\/ul>\n\n\n\n<p>Uistite sa, \u017ee v\u017edy jasne uvediete, kto ste, aby sme si mohli by\u0165 ist\u00ed, \u017ee neuprav\u00edme ani nevyma\u017eeme \u017eiadne \u00fadaje nespr\u00e1vnej osoby.<br><br><\/p>\n\n\n\n<h4 class=\"wp-block-heading\">9. Podanie s\u0165a\u017enosti<\/h4>\n\n\n\n<p>Ak nie ste spokojn\u00ed so sp\u00f4sobom, ak\u00fdm sprac\u00favame va\u0161e osobn\u00e9 \u00fadaje, m\u00e1te pr\u00e1vo poda\u0165 s\u0165a\u017enos\u0165 \u00faradu na ochranu \u00fadajov.<br><br><\/p>\n\n\n\n<h4 class=\"wp-block-heading\">10. Kontaktn\u00e9 \u00fadaje<\/h4>\n\n\n\n<p>Slovansk\u00fd v\u00fdbor<br>Romanova 5<br>852 02 Bratislava<br>Slovensko<br>Webov\u00e1 str\u00e1nka:&nbsp;<a href=\"https:\/\/www.srspol.sk\/\">https:\/\/www.slovanskyvybor.sk<\/a><br>E -mail:&nbsp;kontakt@slovanskyvybor.sk<\/p>","protected":false},"excerpt":{"rendered":"<p>V tomto vyhl\u00e1sen\u00ed o ochrane osobn\u00fdch \u00fadajov vysvet\u013eujeme, \u010do rob\u00edme s \u00fadajmi, ktor\u00e9 o v\u00e1s z\u00edskame prostredn\u00edctvom&nbsp;https:\/\/www.slovanskyvybor.sk. Odpor\u00fa\u010dame v\u00e1m, aby ste si toto vyhl\u00e1senie pozorne pre\u010d\u00edtali. Pri spracovan\u00ed dodr\u017eiavame po\u017eiadavky pr\u00e1vnych predpisov o ochrane osobn\u00fdch \u00fadajov. To okrem in\u00e9ho znamen\u00e1, \u017ee: Ak m\u00e1te ot\u00e1zky alebo chcete presne vedie\u0165, ak\u00e9 \u00fadaje o v\u00e1s uchov\u00e1vame, kontaktujte n\u00e1s. [&hellip;]<\/p>","protected":false},"author":1,"featured_media":0,"parent":0,"menu_order":0,"comment_status":"closed","ping_status":"closed","template":"","meta":{"site-sidebar-layout":"default","site-content-layout":"","ast-site-content-layout":"default","site-content-style":"default","site-sidebar-style":"default","ast-global-header-display":"","ast-banner-title-visibility":"","ast-main-header-display":"","ast-hfb-above-header-display":"","ast-hfb-below-header-display":"","ast-hfb-mobile-header-display":"","site-post-title":"","ast-breadcrumbs-content":"","ast-featured-img":"","footer-sml-layout":"","theme-transparent-header-meta":"","adv-header-id-meta":"","stick-header-meta":"","header-above-stick-meta":"","header-main-stick-meta":"","header-below-stick-meta":"","astra-migrate-meta-layouts":"set","ast-page-background-enabled":"default","ast-page-background-meta":{"desktop":{"background-color":"var(--ast-global-color-4)","background-image":"","background-repeat":"repeat","background-position":"center center","background-size":"auto","background-attachment":"scroll","background-type":"","background-media":"","overlay-type":"","overlay-color":"","overlay-gradient":""},"tablet":{"background-color":"","background-image":"","background-repeat":"repeat","background-position":"center center","background-size":"auto","background-attachment":"scroll","background-type":"","background-media":"","overlay-type":"","overlay-color":"","overlay-gradient":""},"mobile":{"background-color":"","background-image":"","background-repeat":"repeat","background-position":"center center","background-size":"auto","background-attachment":"scroll","background-type":"","background-media":"","overlay-type":"","overlay-color":"","overlay-gradient":""}},"ast-content-background-meta":{"desktop":{"background-color":"var(--ast-global-color-5)","background-image":"","background-repeat":"repeat","background-position":"center center","background-size":"auto","background-attachment":"scroll","background-type":"","background-media":"","overlay-type":"","overlay-color":"","overlay-gradient":""},"tablet":{"background-color":"var(--ast-global-color-5)","background-image":"","background-repeat":"repeat","background-position":"center center","background-size":"auto","background-attachment":"scroll","background-type":"","background-media":"","overlay-type":"","overlay-color":"","overlay-gradient":""},"mobile":{"background-color":"var(--ast-global-color-5)","background-image":"","background-repeat":"repeat","background-position":"center center","background-size":"auto","background-attachment":"scroll","background-type":"","background-media":"","overlay-type":"","overlay-color":"","overlay-gradient":""}},"footnotes":""},"class_list":["post-2168","page","type-page","status-publish","hentry"],"_links":{"self":[{"href":"https:\/\/slovanskyvybor.sk\/en\/wp-json\/wp\/v2\/pages\/2168","targetHints":{"allow":["GET"]}}],"collection":[{"href":"https:\/\/slovanskyvybor.sk\/en\/wp-json\/wp\/v2\/pages"}],"about":[{"href":"https:\/\/slovanskyvybor.sk\/en\/wp-json\/wp\/v2\/types\/page"}],"author":[{"embeddable":true,"href":"https:\/\/slovanskyvybor.sk\/en\/wp-json\/wp\/v2\/users\/1"}],"replies":[{"embeddable":true,"href":"https:\/\/slovanskyvybor.sk\/en\/wp-json\/wp\/v2\/comments?post=2168"}],"version-history":[{"count":4,"href":"https:\/\/slovanskyvybor.sk\/en\/wp-json\/wp\/v2\/pages\/2168\/revisions"}],"predecessor-version":[{"id":2173,"href":"https:\/\/slovanskyvybor.sk\/en\/wp-json\/wp\/v2\/pages\/2168\/revisions\/2173"}],"wp:attachment":[{"href":"https:\/\/slovanskyvybor.sk\/en\/wp-json\/wp\/v2\/media?parent=2168"}],"curies":[{"name":"wp","href":"https:\/\/api.w.org\/{rel}","templated":true}]}}